{"id":4636,"date":"2023-12-22T12:39:40","date_gmt":"2023-12-22T11:39:40","guid":{"rendered":"https:\/\/www.pmh-vinicole.fr\/gamme-materiel-vitivinicole\/pompe-a-vendange-heli-x\/"},"modified":"2025-07-28T11:02:31","modified_gmt":"2025-07-28T09:02:31","slug":"harvest-pump-heli-x","status":"publish","type":"page","link":"https:\/\/www.pmh-vinicole.fr\/en\/wine-making-products\/harvest-pump-heli-x\/","title":{"rendered":"Harvest pump HELI-X\u00ae"},"content":{"rendered":"\n<h2 class=\"wp-block-heading has-text-align-center\">NEW-GENERATION GRAPE HARVEST PUMPS<\/h2>\n\n\n\n<p class=\"has-text-align-center lead\">Designed to maintain the integrity of the harvest and to minimise juice oxidation and potential bacterial contamination, the HELI-X\u00ae stands out for its innovative technology, its power and its safety of use.<\/p>\n\n\n\n<h3 class=\"wp-block-heading has-text-align-center\"><strong>HELI-X\u00ae: TWO YEARS OF RESEARCH AND TWO PATENTED INNOVATIONS<\/strong><\/h3>\n\n\n\n<p class=\"has-text-align-center\">Our Research and Development team designed an innovative grape harvest pump with new technology. The HELI-X\u00ae consists of a patented helical twin-lobe rotor and a patented perpetual motion magnetic valve. &nbsp;As a result, the harvest is pushed forward gradually, with reduced pulsations as the rotor turns. The compression and expansion phases undergone by the grapes during pumping are minimised.<\/p>\n\n\n\n<div style=\"height:60px\" aria-hidden=\"true\" class=\"wp-block-spacer\"><\/div>\n\n\n\n<div class=\"wp-block-columns is-layout-flex wp-container-core-columns-is-layout-9d6595d7 wp-block-columns-is-layout-flex\">\n<div class=\"wp-block-column is-layout-flow wp-block-column-is-layout-flow\">\n<h3 class=\"wp-block-heading\">Model :<br>from 25 to 55 t\/h<\/h3>\n\n\n\n<div class=\"wp-block-group\"><div class=\"wp-block-group__inner-container is-layout-constrained wp-block-group-is-layout-constrained\">\n<div class=\"wp-block-group\"><div class=\"wp-block-group__inner-container is-layout-constrained wp-block-group-is-layout-constrained\">\n<h4 class=\"wp-block-heading\">Heli-X<sup>\u00ae<\/sup>500<\/h4>\n<\/div><\/div>\n<\/div><\/div>\n\n\n\n<hr class=\"wp-block-separator has-alpha-channel-opacity\"\/>\n\n\n\n<div class=\"wp-block-group\"><div class=\"wp-block-group__inner-container is-layout-constrained wp-block-group-is-layout-constrained\">\n<p><a href=\"https:\/\/www.pmh-vinicole.fr\/gamme-materiel-vitivinicole\/pompe-a-vendange-mobile-grx\/\"><strong><mark style=\"background-color:rgba(0, 0, 0, 0)\" class=\"has-inline-color has-vivid-red-color\">GRX500<sup>\u00ae<\/sup><\/mark><\/strong><\/a><mark style=\"background-color:rgba(0, 0, 0, 0)\" class=\"has-inline-color has-vivid-red-color\"><br><\/mark><mark style=\"background-color:rgba(0, 0, 0, 0)\" class=\"has-inline-color has-cyan-bluish-gray-color\">Discover the mobile pumping unit<\/mark><\/p>\n<\/div><\/div>\n<\/div>\n\n\n\n<div class=\"wp-block-column is-layout-flow wp-block-column-is-layout-flow\">\n<figure class=\"wp-block-embed is-type-video is-provider-youtube wp-block-embed-youtube wp-embed-aspect-16-9 wp-has-aspect-ratio\"><div class=\"wp-block-embed__wrapper\">\n<iframe loading=\"lazy\" title=\"Heli-X : la pompe \u00e0 vendange derni\u00e8re g\u00e9n\u00e9ration\" width=\"500\" height=\"281\" src=\"https:\/\/www.youtube.com\/embed\/Z-UtFUwlYO0?feature=oembed\" frameborder=\"0\" allow=\"accelerometer; autoplay; clipboard-write; encrypted-media; gyroscope; picture-in-picture; web-share\" referrerpolicy=\"strict-origin-when-cross-origin\" allowfullscreen><\/iframe>\n<\/div><\/figure>\n<\/div>\n<\/div>\n\n\n\n<div style=\"height:60px\" aria-hidden=\"true\" class=\"wp-block-spacer\"><\/div>\n\n\n\n<h2 class=\"wp-block-heading has-text-align-center\">Heli-X\u00ae Strenghts<\/h2>\n","protected":false},"excerpt":{"rendered":"<p>NEW-GENERATION GRAPE HARVEST PUMPS Designed to maintain the integrity of the harvest and to [&hellip;]<\/p>\n","protected":false},"author":2,"featured_media":2780,"parent":4622,"menu_order":8,"comment_status":"closed","ping_status":"closed","template":"page-produit.php","meta":{"_acf_changed":false,"footnotes":""},"class_list":["post-4636","page","type-page","status-publish","has-post-thumbnail","hentry"],"acf":[],"yoast_head":"<!-- This site is optimized with the Yoast SEO plugin v26.9 - https:\/\/yoast.com\/product\/yoast-seo-wordpress\/ -->\n<title>Harvest pump HELI-X\u00ae - PMH Vinicole<\/title>\n<meta name=\"robots\" content=\"index, follow, max-snippet:-1, max-image-preview:large, max-video-preview:-1\" \/>\n<link rel=\"canonical\" href=\"https:\/\/www.pmh-vinicole.fr\/en\/wine-making-products\/harvest-pump-heli-x\/\" \/>\n<meta property=\"og:locale\" content=\"en_US\" \/>\n<meta property=\"og:type\" content=\"article\" \/>\n<meta property=\"og:title\" content=\"Harvest pump HELI-X\u00ae - PMH Vinicole\" \/>\n<meta property=\"og:description\" content=\"NEW-GENERATION GRAPE HARVEST PUMPS Designed to maintain the integrity of the harvest and to [&hellip;]\" \/>\n<meta property=\"og:url\" content=\"https:\/\/www.pmh-vinicole.fr\/en\/wine-making-products\/harvest-pump-heli-x\/\" \/>\n<meta property=\"og:site_name\" content=\"PMH Vinicole\" \/>\n<meta property=\"article:publisher\" content=\"https:\/\/www.facebook.com\/PMH.Vinicole\" \/>\n<meta property=\"article:modified_time\" content=\"2025-07-28T09:02:31+00:00\" \/>\n<meta property=\"og:image\" content=\"http:\/\/www.pmh-vinicole.fr\/wp-content\/uploads\/2024\/07\/pompe-vendange-Misttral-LX500TX-22.png\" \/>\n\t<meta property=\"og:image:width\" content=\"800\" \/>\n\t<meta property=\"og:image:height\" content=\"800\" \/>\n\t<meta property=\"og:image:type\" content=\"image\/png\" \/>\n<meta name=\"twitter:card\" content=\"summary_large_image\" \/>\n<meta name=\"twitter:label1\" content=\"Est. reading time\" \/>\n\t<meta name=\"twitter:data1\" content=\"1 minute\" \/>\n<script type=\"application\/ld+json\" class=\"yoast-schema-graph\">{\"@context\":\"https:\/\/schema.org\",\"@graph\":[{\"@type\":\"WebPage\",\"@id\":\"https:\/\/www.pmh-vinicole.fr\/en\/wine-making-products\/harvest-pump-heli-x\/\",\"url\":\"https:\/\/www.pmh-vinicole.fr\/en\/wine-making-products\/harvest-pump-heli-x\/\",\"name\":\"Harvest pump HELI-X\u00ae - PMH Vinicole\",\"isPartOf\":{\"@id\":\"https:\/\/www.pmh-vinicole.fr\/#website\"},\"primaryImageOfPage\":{\"@id\":\"https:\/\/www.pmh-vinicole.fr\/en\/wine-making-products\/harvest-pump-heli-x\/#primaryimage\"},\"image\":{\"@id\":\"https:\/\/www.pmh-vinicole.fr\/en\/wine-making-products\/harvest-pump-heli-x\/#primaryimage\"},\"thumbnailUrl\":\"https:\/\/www.pmh-vinicole.fr\/wp-content\/uploads\/2024\/07\/pompe-vendange-Misttral-LX500TX-22.png\",\"datePublished\":\"2023-12-22T11:39:40+00:00\",\"dateModified\":\"2025-07-28T09:02:31+00:00\",\"breadcrumb\":{\"@id\":\"https:\/\/www.pmh-vinicole.fr\/en\/wine-making-products\/harvest-pump-heli-x\/#breadcrumb\"},\"inLanguage\":\"en-US\",\"potentialAction\":[{\"@type\":\"ReadAction\",\"target\":[\"https:\/\/www.pmh-vinicole.fr\/en\/wine-making-products\/harvest-pump-heli-x\/\"]}]},{\"@type\":\"ImageObject\",\"inLanguage\":\"en-US\",\"@id\":\"https:\/\/www.pmh-vinicole.fr\/en\/wine-making-products\/harvest-pump-heli-x\/#primaryimage\",\"url\":\"https:\/\/www.pmh-vinicole.fr\/wp-content\/uploads\/2024\/07\/pompe-vendange-Misttral-LX500TX-22.png\",\"contentUrl\":\"https:\/\/www.pmh-vinicole.fr\/wp-content\/uploads\/2024\/07\/pompe-vendange-Misttral-LX500TX-22.png\",\"width\":800,\"height\":800},{\"@type\":\"BreadcrumbList\",\"@id\":\"https:\/\/www.pmh-vinicole.fr\/en\/wine-making-products\/harvest-pump-heli-x\/#breadcrumb\",\"itemListElement\":[{\"@type\":\"ListItem\",\"position\":1,\"name\":\"Accueil\",\"item\":\"https:\/\/www.pmh-vinicole.fr\/en\/\"},{\"@type\":\"ListItem\",\"position\":2,\"name\":\"Our products\",\"item\":\"https:\/\/www.pmh-vinicole.fr\/en\/wine-making-products\/\"},{\"@type\":\"ListItem\",\"position\":3,\"name\":\"Harvest pump HELI-X\u00ae\"}]},{\"@type\":\"WebSite\",\"@id\":\"https:\/\/www.pmh-vinicole.fr\/#website\",\"url\":\"https:\/\/www.pmh-vinicole.fr\/\",\"name\":\"PMH Vinicole\",\"description\":\"Concepteur &amp; fabricant de pompes \u0153nologiques et mat\u00e9riels vinicoles\",\"publisher\":{\"@id\":\"https:\/\/www.pmh-vinicole.fr\/#organization\"},\"potentialAction\":[{\"@type\":\"SearchAction\",\"target\":{\"@type\":\"EntryPoint\",\"urlTemplate\":\"https:\/\/www.pmh-vinicole.fr\/?s={search_term_string}\"},\"query-input\":{\"@type\":\"PropertyValueSpecification\",\"valueRequired\":true,\"valueName\":\"search_term_string\"}}],\"inLanguage\":\"en-US\"},{\"@type\":\"Organization\",\"@id\":\"https:\/\/www.pmh-vinicole.fr\/#organization\",\"name\":\"PMH Vinicole\",\"url\":\"https:\/\/www.pmh-vinicole.fr\/\",\"logo\":{\"@type\":\"ImageObject\",\"inLanguage\":\"en-US\",\"@id\":\"https:\/\/www.pmh-vinicole.fr\/#\/schema\/logo\/image\/\",\"url\":\"https:\/\/www.pmh-vinicole.fr\/wp-content\/uploads\/2026\/01\/Logo-PMH-vertical-2019-300-72dpi.jpg\",\"contentUrl\":\"https:\/\/www.pmh-vinicole.fr\/wp-content\/uploads\/2026\/01\/Logo-PMH-vertical-2019-300-72dpi.jpg\",\"width\":300,\"height\":285,\"caption\":\"PMH Vinicole\"},\"image\":{\"@id\":\"https:\/\/www.pmh-vinicole.fr\/#\/schema\/logo\/image\/\"},\"sameAs\":[\"https:\/\/www.facebook.com\/PMH.Vinicole\",\"https:\/\/www.instagram.com\/pmh_vinicole\/\"]}]}<\/script>\n<!-- \/ Yoast SEO plugin. -->","yoast_head_json":{"title":"Harvest pump HELI-X\u00ae - PMH Vinicole","robots":{"index":"index","follow":"follow","max-snippet":"max-snippet:-1","max-image-preview":"max-image-preview:large","max-video-preview":"max-video-preview:-1"},"canonical":"https:\/\/www.pmh-vinicole.fr\/en\/wine-making-products\/harvest-pump-heli-x\/","og_locale":"en_US","og_type":"article","og_title":"Harvest pump HELI-X\u00ae - PMH Vinicole","og_description":"NEW-GENERATION GRAPE HARVEST PUMPS Designed to maintain the integrity of the harvest and to [&hellip;]","og_url":"https:\/\/www.pmh-vinicole.fr\/en\/wine-making-products\/harvest-pump-heli-x\/","og_site_name":"PMH Vinicole","article_publisher":"https:\/\/www.facebook.com\/PMH.Vinicole","article_modified_time":"2025-07-28T09:02:31+00:00","og_image":[{"width":800,"height":800,"url":"http:\/\/www.pmh-vinicole.fr\/wp-content\/uploads\/2024\/07\/pompe-vendange-Misttral-LX500TX-22.png","type":"image\/png"}],"twitter_card":"summary_large_image","twitter_misc":{"Est. reading time":"1 minute"},"schema":{"@context":"https:\/\/schema.org","@graph":[{"@type":"WebPage","@id":"https:\/\/www.pmh-vinicole.fr\/en\/wine-making-products\/harvest-pump-heli-x\/","url":"https:\/\/www.pmh-vinicole.fr\/en\/wine-making-products\/harvest-pump-heli-x\/","name":"Harvest pump HELI-X\u00ae - PMH Vinicole","isPartOf":{"@id":"https:\/\/www.pmh-vinicole.fr\/#website"},"primaryImageOfPage":{"@id":"https:\/\/www.pmh-vinicole.fr\/en\/wine-making-products\/harvest-pump-heli-x\/#primaryimage"},"image":{"@id":"https:\/\/www.pmh-vinicole.fr\/en\/wine-making-products\/harvest-pump-heli-x\/#primaryimage"},"thumbnailUrl":"https:\/\/www.pmh-vinicole.fr\/wp-content\/uploads\/2024\/07\/pompe-vendange-Misttral-LX500TX-22.png","datePublished":"2023-12-22T11:39:40+00:00","dateModified":"2025-07-28T09:02:31+00:00","breadcrumb":{"@id":"https:\/\/www.pmh-vinicole.fr\/en\/wine-making-products\/harvest-pump-heli-x\/#breadcrumb"},"inLanguage":"en-US","potentialAction":[{"@type":"ReadAction","target":["https:\/\/www.pmh-vinicole.fr\/en\/wine-making-products\/harvest-pump-heli-x\/"]}]},{"@type":"ImageObject","inLanguage":"en-US","@id":"https:\/\/www.pmh-vinicole.fr\/en\/wine-making-products\/harvest-pump-heli-x\/#primaryimage","url":"https:\/\/www.pmh-vinicole.fr\/wp-content\/uploads\/2024\/07\/pompe-vendange-Misttral-LX500TX-22.png","contentUrl":"https:\/\/www.pmh-vinicole.fr\/wp-content\/uploads\/2024\/07\/pompe-vendange-Misttral-LX500TX-22.png","width":800,"height":800},{"@type":"BreadcrumbList","@id":"https:\/\/www.pmh-vinicole.fr\/en\/wine-making-products\/harvest-pump-heli-x\/#breadcrumb","itemListElement":[{"@type":"ListItem","position":1,"name":"Accueil","item":"https:\/\/www.pmh-vinicole.fr\/en\/"},{"@type":"ListItem","position":2,"name":"Our products","item":"https:\/\/www.pmh-vinicole.fr\/en\/wine-making-products\/"},{"@type":"ListItem","position":3,"name":"Harvest pump HELI-X\u00ae"}]},{"@type":"WebSite","@id":"https:\/\/www.pmh-vinicole.fr\/#website","url":"https:\/\/www.pmh-vinicole.fr\/","name":"PMH Vinicole","description":"Concepteur &amp; fabricant de pompes \u0153nologiques et mat\u00e9riels vinicoles","publisher":{"@id":"https:\/\/www.pmh-vinicole.fr\/#organization"},"potentialAction":[{"@type":"SearchAction","target":{"@type":"EntryPoint","urlTemplate":"https:\/\/www.pmh-vinicole.fr\/?s={search_term_string}"},"query-input":{"@type":"PropertyValueSpecification","valueRequired":true,"valueName":"search_term_string"}}],"inLanguage":"en-US"},{"@type":"Organization","@id":"https:\/\/www.pmh-vinicole.fr\/#organization","name":"PMH Vinicole","url":"https:\/\/www.pmh-vinicole.fr\/","logo":{"@type":"ImageObject","inLanguage":"en-US","@id":"https:\/\/www.pmh-vinicole.fr\/#\/schema\/logo\/image\/","url":"https:\/\/www.pmh-vinicole.fr\/wp-content\/uploads\/2026\/01\/Logo-PMH-vertical-2019-300-72dpi.jpg","contentUrl":"https:\/\/www.pmh-vinicole.fr\/wp-content\/uploads\/2026\/01\/Logo-PMH-vertical-2019-300-72dpi.jpg","width":300,"height":285,"caption":"PMH Vinicole"},"image":{"@id":"https:\/\/www.pmh-vinicole.fr\/#\/schema\/logo\/image\/"},"sameAs":["https:\/\/www.facebook.com\/PMH.Vinicole","https:\/\/www.instagram.com\/pmh_vinicole\/"]}]}},"_links":{"self":[{"href":"https:\/\/www.pmh-vinicole.fr\/en\/wp-json\/wp\/v2\/pages\/4636","targetHints":{"allow":["GET"]}}],"collection":[{"href":"https:\/\/www.pmh-vinicole.fr\/en\/wp-json\/wp\/v2\/pages"}],"about":[{"href":"https:\/\/www.pmh-vinicole.fr\/en\/wp-json\/wp\/v2\/types\/page"}],"author":[{"embeddable":true,"href":"https:\/\/www.pmh-vinicole.fr\/en\/wp-json\/wp\/v2\/users\/2"}],"replies":[{"embeddable":true,"href":"https:\/\/www.pmh-vinicole.fr\/en\/wp-json\/wp\/v2\/comments?post=4636"}],"version-history":[{"count":10,"href":"https:\/\/www.pmh-vinicole.fr\/en\/wp-json\/wp\/v2\/pages\/4636\/revisions"}],"predecessor-version":[{"id":5866,"href":"https:\/\/www.pmh-vinicole.fr\/en\/wp-json\/wp\/v2\/pages\/4636\/revisions\/5866"}],"up":[{"embeddable":true,"href":"https:\/\/www.pmh-vinicole.fr\/en\/wp-json\/wp\/v2\/pages\/4622"}],"wp:featuredmedia":[{"embeddable":true,"href":"https:\/\/www.pmh-vinicole.fr\/en\/wp-json\/wp\/v2\/media\/2780"}],"wp:attachment":[{"href":"https:\/\/www.pmh-vinicole.fr\/en\/wp-json\/wp\/v2\/media?parent=4636"}],"curies":[{"name":"wp","href":"https:\/\/api.w.org\/{rel}","templated":true}]}}