{"id":4633,"date":"2023-12-20T12:38:32","date_gmt":"2023-12-20T11:38:32","guid":{"rendered":"https:\/\/www.pmh-vinicole.fr\/gamme-materiel-vitivinicole\/pompe-vin-impulseur-smartflex\/"},"modified":"2026-01-14T22:44:51","modified_gmt":"2026-01-14T21:44:51","slug":"pompe-vin-impulseur-smartflex","status":"publish","type":"page","link":"https:\/\/www.pmh-vinicole.fr\/es\/nuestros-productos\/pompe-vin-impulseur-smartflex\/","title":{"rendered":"Pompe \u00e0 vin \u00e0 impulseur SMARTFLEX<sup>\u00ae<\/sup>"},"content":{"rendered":"\n<h2 class=\"wp-block-heading has-text-align-center\">La pompe \u00e0 impulseur flexible SMARTFLEX<sup>\u00ae<\/sup><\/h2>\n\n\n\n<p class=\"has-text-align-center lead\">Con\u00e7ue pour r\u00e9sister aux conditions d\u2019utilisation exigeantes du monde vinicole, la pompe \u00e0 vin SMARTFLEX<sup>\u00ae<\/sup> \u00e0 impulseur flexible se distingue par sa simplicit\u00e9 d\u2019usage et par une technologie embarqu\u00e9e de derni\u00e8re g\u00e9n\u00e9ration garantissant \u00e0 l\u2019op\u00e9rateur une parfaite efficience et autonomie dans son travail.<\/p>\n\n\n\n<div style=\"height:60px\" aria-hidden=\"true\" class=\"wp-block-spacer\"><\/div>\n\n\n\n<div class=\"wp-block-columns is-layout-flex wp-container-core-columns-is-layout-9d6595d7 wp-block-columns-is-layout-flex\">\n<div class=\"wp-block-column is-layout-flow wp-block-column-is-layout-flow\">\n<h3 class=\"wp-block-heading\">Mod\u00e8les :<br>d\u00e9bit de 10 \u00e0 600 HL\/h<\/h3>\n\n\n\n<h4 class=\"wp-block-heading\"><mark style=\"background-color:rgba(0, 0, 0, 0);color:#ae0202\" class=\"has-inline-color\">SMART<\/mark>FLEX<sup>\u00ae<\/sup>130<\/h4>\n\n\n\n<div class=\"wp-block-group\"><div class=\"wp-block-group__inner-container is-layout-constrained wp-block-group-is-layout-constrained\">\n<h4 class=\"wp-block-heading\"><mark style=\"background-color:rgba(0, 0, 0, 0);color:#ae0202\" class=\"has-inline-color\">SMART<\/mark>FLEX<sup>\u00ae<\/sup>250<\/h4>\n\n\n\n<h4 class=\"wp-block-heading\"><mark style=\"background-color:rgba(0, 0, 0, 0);color:#ae0202\" class=\"has-inline-color\">SMART<\/mark>FLEX<sup>\u00ae<\/sup>600<\/h4>\n<\/div><\/div>\n\n\n\n<hr class=\"wp-block-separator has-alpha-channel-opacity\"\/>\n\n\n\n<div class=\"wp-block-group\"><div class=\"wp-block-group__inner-container is-layout-constrained wp-block-group-is-layout-constrained\">\n<p><strong><mark style=\"background-color:rgba(0, 0, 0, 0)\" class=\"has-inline-color has-vivid-red-color\"><a href=\"https:\/\/www.pmh-vinicole.fr\/gamme-materiel-vitivinicole\/smartflex-first\/\">SMARTFLEX<sup>\u00ae<\/sup>FIRST<\/a><br><\/mark><\/strong><mark style=\"background-color:rgba(0, 0, 0, 0)\" class=\"has-inline-color has-cyan-bluish-gray-color\">D\u00e9couvrez la SMARTFLEX<sup>\u00ae<\/sup>FIRST<\/mark><\/p>\n<\/div><\/div>\n<\/div>\n\n\n\n<div class=\"wp-block-column is-layout-flow wp-block-column-is-layout-flow\">\n<div class=\"wp-block-cover is-light\" style=\"min-height:472px;aspect-ratio:unset;\"><img loading=\"lazy\" decoding=\"async\" width=\"500\" height=\"500\" class=\"wp-block-cover__image-background wp-image-340\" alt=\"\" src=\"http:\/\/www.pmh-vinicole.fr\/wp-content\/uploads\/2024\/02\/SMF-details.png\" style=\"object-position:18% 45%\" data-object-fit=\"cover\" data-object-position=\"18% 45%\" srcset=\"https:\/\/www.pmh-vinicole.fr\/wp-content\/uploads\/2024\/02\/SMF-details.png 500w, https:\/\/www.pmh-vinicole.fr\/wp-content\/uploads\/2024\/02\/SMF-details-300x300.png 300w, https:\/\/www.pmh-vinicole.fr\/wp-content\/uploads\/2024\/02\/SMF-details-150x150.png 150w\" sizes=\"auto, (max-width: 500px) 100vw, 500px\" \/><span aria-hidden=\"true\" class=\"wp-block-cover__background has-background-dim-0 has-background-dim\"><\/span><div class=\"wp-block-cover__inner-container is-layout-constrained wp-block-cover-is-layout-constrained\">\n<p class=\"has-text-align-center has-large-font-size\"><\/p>\n<\/div><\/div>\n<\/div>\n<\/div>\n\n\n\n<div style=\"height:60px\" aria-hidden=\"true\" class=\"wp-block-spacer\"><\/div>\n\n\n\n<h2 class=\"wp-block-heading has-text-align-center\">Points forts de la SMARTFLEX<sup>\u00ae<\/sup><\/h2>\n\n\n\n<p><\/p>\n","protected":false},"excerpt":{"rendered":"<p>La pompe \u00e0 impulseur flexible SMARTFLEX\u00ae Con\u00e7ue pour r\u00e9sister aux conditions d\u2019utilisation exigeantes du [&hellip;]<\/p>\n","protected":false},"author":2,"featured_media":4635,"parent":4623,"menu_order":6,"comment_status":"closed","ping_status":"closed","template":"page-produit.php","meta":{"_acf_changed":false,"footnotes":""},"class_list":["post-4633","page","type-page","status-publish","has-post-thumbnail","hentry"],"acf":[],"yoast_head":"<!-- This site is optimized with the Yoast SEO plugin v26.9 - https:\/\/yoast.com\/product\/yoast-seo-wordpress\/ -->\n<title>Pompe \u00e0 vin \u00e0 impulseur SMARTFLEX\u00ae - PMH Vinicole<\/title>\n<meta name=\"robots\" content=\"index, follow, max-snippet:-1, max-image-preview:large, max-video-preview:-1\" \/>\n<link rel=\"canonical\" href=\"https:\/\/www.pmh-vinicole.fr\/es\/nuestros-productos\/pompe-vin-impulseur-smartflex\/\" \/>\n<meta property=\"og:locale\" content=\"es_ES\" \/>\n<meta property=\"og:type\" content=\"article\" \/>\n<meta property=\"og:title\" content=\"Pompe \u00e0 vin \u00e0 impulseur SMARTFLEX\u00ae - PMH Vinicole\" \/>\n<meta property=\"og:description\" content=\"La pompe \u00e0 impulseur flexible SMARTFLEX\u00ae Con\u00e7ue pour r\u00e9sister aux conditions d\u2019utilisation exigeantes du [&hellip;]\" \/>\n<meta property=\"og:url\" content=\"https:\/\/www.pmh-vinicole.fr\/es\/nuestros-productos\/pompe-vin-impulseur-smartflex\/\" \/>\n<meta property=\"og:site_name\" content=\"PMH Vinicole\" \/>\n<meta property=\"article:publisher\" content=\"https:\/\/www.facebook.com\/PMH.Vinicole\" \/>\n<meta property=\"article:modified_time\" content=\"2026-01-14T21:44:51+00:00\" \/>\n<meta property=\"og:image\" content=\"http:\/\/www.pmh-vinicole.fr\/wp-content\/uploads\/2024\/07\/SMARTFLEX-250-0.png\" \/>\n\t<meta property=\"og:image:width\" content=\"800\" \/>\n\t<meta property=\"og:image:height\" content=\"800\" \/>\n\t<meta property=\"og:image:type\" content=\"image\/png\" \/>\n<meta name=\"twitter:card\" content=\"summary_large_image\" \/>\n<meta name=\"twitter:label1\" content=\"Tiempo de lectura\" \/>\n\t<meta name=\"twitter:data1\" content=\"1 minuto\" \/>\n<script type=\"application\/ld+json\" class=\"yoast-schema-graph\">{\"@context\":\"https:\/\/schema.org\",\"@graph\":[{\"@type\":\"WebPage\",\"@id\":\"https:\/\/www.pmh-vinicole.fr\/es\/nuestros-productos\/pompe-vin-impulseur-smartflex\/\",\"url\":\"https:\/\/www.pmh-vinicole.fr\/es\/nuestros-productos\/pompe-vin-impulseur-smartflex\/\",\"name\":\"Pompe \u00e0 vin \u00e0 impulseur SMARTFLEX\u00ae - PMH Vinicole\",\"isPartOf\":{\"@id\":\"https:\/\/www.pmh-vinicole.fr\/#website\"},\"primaryImageOfPage\":{\"@id\":\"https:\/\/www.pmh-vinicole.fr\/es\/nuestros-productos\/pompe-vin-impulseur-smartflex\/#primaryimage\"},\"image\":{\"@id\":\"https:\/\/www.pmh-vinicole.fr\/es\/nuestros-productos\/pompe-vin-impulseur-smartflex\/#primaryimage\"},\"thumbnailUrl\":\"https:\/\/www.pmh-vinicole.fr\/wp-content\/uploads\/2024\/07\/SMARTFLEX-250-0.png\",\"datePublished\":\"2023-12-20T11:38:32+00:00\",\"dateModified\":\"2026-01-14T21:44:51+00:00\",\"breadcrumb\":{\"@id\":\"https:\/\/www.pmh-vinicole.fr\/es\/nuestros-productos\/pompe-vin-impulseur-smartflex\/#breadcrumb\"},\"inLanguage\":\"es\",\"potentialAction\":[{\"@type\":\"ReadAction\",\"target\":[\"https:\/\/www.pmh-vinicole.fr\/es\/nuestros-productos\/pompe-vin-impulseur-smartflex\/\"]}]},{\"@type\":\"ImageObject\",\"inLanguage\":\"es\",\"@id\":\"https:\/\/www.pmh-vinicole.fr\/es\/nuestros-productos\/pompe-vin-impulseur-smartflex\/#primaryimage\",\"url\":\"https:\/\/www.pmh-vinicole.fr\/wp-content\/uploads\/2024\/07\/SMARTFLEX-250-0.png\",\"contentUrl\":\"https:\/\/www.pmh-vinicole.fr\/wp-content\/uploads\/2024\/07\/SMARTFLEX-250-0.png\",\"width\":800,\"height\":800,\"caption\":\"pompe-SMARTFLEX 250 0\"},{\"@type\":\"BreadcrumbList\",\"@id\":\"https:\/\/www.pmh-vinicole.fr\/es\/nuestros-productos\/pompe-vin-impulseur-smartflex\/#breadcrumb\",\"itemListElement\":[{\"@type\":\"ListItem\",\"position\":1,\"name\":\"Accueil\",\"item\":\"https:\/\/www.pmh-vinicole.fr\/es\/\"},{\"@type\":\"ListItem\",\"position\":2,\"name\":\"Nuestros productos\",\"item\":\"https:\/\/www.pmh-vinicole.fr\/es\/nuestros-productos\/\"},{\"@type\":\"ListItem\",\"position\":3,\"name\":\"Pompe \u00e0 vin \u00e0 impulseur SMARTFLEX\u00ae\"}]},{\"@type\":\"WebSite\",\"@id\":\"https:\/\/www.pmh-vinicole.fr\/#website\",\"url\":\"https:\/\/www.pmh-vinicole.fr\/\",\"name\":\"PMH Vinicole\",\"description\":\"Concepteur &amp; fabricant de pompes \u0153nologiques et mat\u00e9riels vinicoles\",\"publisher\":{\"@id\":\"https:\/\/www.pmh-vinicole.fr\/#organization\"},\"potentialAction\":[{\"@type\":\"SearchAction\",\"target\":{\"@type\":\"EntryPoint\",\"urlTemplate\":\"https:\/\/www.pmh-vinicole.fr\/?s={search_term_string}\"},\"query-input\":{\"@type\":\"PropertyValueSpecification\",\"valueRequired\":true,\"valueName\":\"search_term_string\"}}],\"inLanguage\":\"es\"},{\"@type\":\"Organization\",\"@id\":\"https:\/\/www.pmh-vinicole.fr\/#organization\",\"name\":\"PMH Vinicole\",\"url\":\"https:\/\/www.pmh-vinicole.fr\/\",\"logo\":{\"@type\":\"ImageObject\",\"inLanguage\":\"es\",\"@id\":\"https:\/\/www.pmh-vinicole.fr\/#\/schema\/logo\/image\/\",\"url\":\"https:\/\/www.pmh-vinicole.fr\/wp-content\/uploads\/2026\/01\/Logo-PMH-vertical-2019-300-72dpi.jpg\",\"contentUrl\":\"https:\/\/www.pmh-vinicole.fr\/wp-content\/uploads\/2026\/01\/Logo-PMH-vertical-2019-300-72dpi.jpg\",\"width\":300,\"height\":285,\"caption\":\"PMH Vinicole\"},\"image\":{\"@id\":\"https:\/\/www.pmh-vinicole.fr\/#\/schema\/logo\/image\/\"},\"sameAs\":[\"https:\/\/www.facebook.com\/PMH.Vinicole\",\"https:\/\/www.instagram.com\/pmh_vinicole\/\"]}]}<\/script>\n<!-- \/ Yoast SEO plugin. -->","yoast_head_json":{"title":"Pompe \u00e0 vin \u00e0 impulseur SMARTFLEX\u00ae - PMH Vinicole","robots":{"index":"index","follow":"follow","max-snippet":"max-snippet:-1","max-image-preview":"max-image-preview:large","max-video-preview":"max-video-preview:-1"},"canonical":"https:\/\/www.pmh-vinicole.fr\/es\/nuestros-productos\/pompe-vin-impulseur-smartflex\/","og_locale":"es_ES","og_type":"article","og_title":"Pompe \u00e0 vin \u00e0 impulseur SMARTFLEX\u00ae - PMH Vinicole","og_description":"La pompe \u00e0 impulseur flexible SMARTFLEX\u00ae Con\u00e7ue pour r\u00e9sister aux conditions d\u2019utilisation exigeantes du [&hellip;]","og_url":"https:\/\/www.pmh-vinicole.fr\/es\/nuestros-productos\/pompe-vin-impulseur-smartflex\/","og_site_name":"PMH Vinicole","article_publisher":"https:\/\/www.facebook.com\/PMH.Vinicole","article_modified_time":"2026-01-14T21:44:51+00:00","og_image":[{"width":800,"height":800,"url":"http:\/\/www.pmh-vinicole.fr\/wp-content\/uploads\/2024\/07\/SMARTFLEX-250-0.png","type":"image\/png"}],"twitter_card":"summary_large_image","twitter_misc":{"Tiempo de lectura":"1 minuto"},"schema":{"@context":"https:\/\/schema.org","@graph":[{"@type":"WebPage","@id":"https:\/\/www.pmh-vinicole.fr\/es\/nuestros-productos\/pompe-vin-impulseur-smartflex\/","url":"https:\/\/www.pmh-vinicole.fr\/es\/nuestros-productos\/pompe-vin-impulseur-smartflex\/","name":"Pompe \u00e0 vin \u00e0 impulseur SMARTFLEX\u00ae - PMH Vinicole","isPartOf":{"@id":"https:\/\/www.pmh-vinicole.fr\/#website"},"primaryImageOfPage":{"@id":"https:\/\/www.pmh-vinicole.fr\/es\/nuestros-productos\/pompe-vin-impulseur-smartflex\/#primaryimage"},"image":{"@id":"https:\/\/www.pmh-vinicole.fr\/es\/nuestros-productos\/pompe-vin-impulseur-smartflex\/#primaryimage"},"thumbnailUrl":"https:\/\/www.pmh-vinicole.fr\/wp-content\/uploads\/2024\/07\/SMARTFLEX-250-0.png","datePublished":"2023-12-20T11:38:32+00:00","dateModified":"2026-01-14T21:44:51+00:00","breadcrumb":{"@id":"https:\/\/www.pmh-vinicole.fr\/es\/nuestros-productos\/pompe-vin-impulseur-smartflex\/#breadcrumb"},"inLanguage":"es","potentialAction":[{"@type":"ReadAction","target":["https:\/\/www.pmh-vinicole.fr\/es\/nuestros-productos\/pompe-vin-impulseur-smartflex\/"]}]},{"@type":"ImageObject","inLanguage":"es","@id":"https:\/\/www.pmh-vinicole.fr\/es\/nuestros-productos\/pompe-vin-impulseur-smartflex\/#primaryimage","url":"https:\/\/www.pmh-vinicole.fr\/wp-content\/uploads\/2024\/07\/SMARTFLEX-250-0.png","contentUrl":"https:\/\/www.pmh-vinicole.fr\/wp-content\/uploads\/2024\/07\/SMARTFLEX-250-0.png","width":800,"height":800,"caption":"pompe-SMARTFLEX 250 0"},{"@type":"BreadcrumbList","@id":"https:\/\/www.pmh-vinicole.fr\/es\/nuestros-productos\/pompe-vin-impulseur-smartflex\/#breadcrumb","itemListElement":[{"@type":"ListItem","position":1,"name":"Accueil","item":"https:\/\/www.pmh-vinicole.fr\/es\/"},{"@type":"ListItem","position":2,"name":"Nuestros productos","item":"https:\/\/www.pmh-vinicole.fr\/es\/nuestros-productos\/"},{"@type":"ListItem","position":3,"name":"Pompe \u00e0 vin \u00e0 impulseur SMARTFLEX\u00ae"}]},{"@type":"WebSite","@id":"https:\/\/www.pmh-vinicole.fr\/#website","url":"https:\/\/www.pmh-vinicole.fr\/","name":"PMH Vinicole","description":"Concepteur &amp; fabricant de pompes \u0153nologiques et mat\u00e9riels vinicoles","publisher":{"@id":"https:\/\/www.pmh-vinicole.fr\/#organization"},"potentialAction":[{"@type":"SearchAction","target":{"@type":"EntryPoint","urlTemplate":"https:\/\/www.pmh-vinicole.fr\/?s={search_term_string}"},"query-input":{"@type":"PropertyValueSpecification","valueRequired":true,"valueName":"search_term_string"}}],"inLanguage":"es"},{"@type":"Organization","@id":"https:\/\/www.pmh-vinicole.fr\/#organization","name":"PMH Vinicole","url":"https:\/\/www.pmh-vinicole.fr\/","logo":{"@type":"ImageObject","inLanguage":"es","@id":"https:\/\/www.pmh-vinicole.fr\/#\/schema\/logo\/image\/","url":"https:\/\/www.pmh-vinicole.fr\/wp-content\/uploads\/2026\/01\/Logo-PMH-vertical-2019-300-72dpi.jpg","contentUrl":"https:\/\/www.pmh-vinicole.fr\/wp-content\/uploads\/2026\/01\/Logo-PMH-vertical-2019-300-72dpi.jpg","width":300,"height":285,"caption":"PMH Vinicole"},"image":{"@id":"https:\/\/www.pmh-vinicole.fr\/#\/schema\/logo\/image\/"},"sameAs":["https:\/\/www.facebook.com\/PMH.Vinicole","https:\/\/www.instagram.com\/pmh_vinicole\/"]}]}},"_links":{"self":[{"href":"https:\/\/www.pmh-vinicole.fr\/es\/wp-json\/wp\/v2\/pages\/4633","targetHints":{"allow":["GET"]}}],"collection":[{"href":"https:\/\/www.pmh-vinicole.fr\/es\/wp-json\/wp\/v2\/pages"}],"about":[{"href":"https:\/\/www.pmh-vinicole.fr\/es\/wp-json\/wp\/v2\/types\/page"}],"author":[{"embeddable":true,"href":"https:\/\/www.pmh-vinicole.fr\/es\/wp-json\/wp\/v2\/users\/2"}],"replies":[{"embeddable":true,"href":"https:\/\/www.pmh-vinicole.fr\/es\/wp-json\/wp\/v2\/comments?post=4633"}],"version-history":[{"count":12,"href":"https:\/\/www.pmh-vinicole.fr\/es\/wp-json\/wp\/v2\/pages\/4633\/revisions"}],"predecessor-version":[{"id":6396,"href":"https:\/\/www.pmh-vinicole.fr\/es\/wp-json\/wp\/v2\/pages\/4633\/revisions\/6396"}],"up":[{"embeddable":true,"href":"https:\/\/www.pmh-vinicole.fr\/es\/wp-json\/wp\/v2\/pages\/4623"}],"wp:featuredmedia":[{"embeddable":true,"href":"https:\/\/www.pmh-vinicole.fr\/es\/wp-json\/wp\/v2\/media\/4635"}],"wp:attachment":[{"href":"https:\/\/www.pmh-vinicole.fr\/es\/wp-json\/wp\/v2\/media?parent=4633"}],"curies":[{"name":"wp","href":"https:\/\/api.w.org\/{rel}","templated":true}]}}