{"id":4691,"date":"2024-01-07T12:41:50","date_gmt":"2024-01-07T11:41:50","guid":{"rendered":"https:\/\/www.pmh-vinicole.fr\/gamme-materiel-vitivinicole\/table-de-tri-de-vendange\/"},"modified":"2025-08-11T07:40:57","modified_gmt":"2025-08-11T05:40:57","slug":"mesa-de-seleccion-de-banda","status":"publish","type":"page","link":"https:\/\/www.pmh-vinicole.fr\/es\/nuestros-productos\/mesa-de-seleccion-de-banda\/","title":{"rendered":"Mesa de selecci\u00f3n de banda"},"content":{"rendered":"\n<h2 class=\"wp-block-heading has-text-align-center\">LA MESA DE SELECCI\u00d3N DE BANDA PARA UNA SELECCI\u00d3N PRECISA&nbsp;<\/h2>\n\n\n\n<p class=\"has-text-align-center\">Dise\u00f1ada para permitirle eliminar pec\u00edolos, escobajos, uvas da\u00f1adas, uvas inmaduras, peque\u00f1os insectos y otros cuerpos extra\u00f1os del resto de la cosecha, nuestra mesa de selecci\u00f3n de banda se adapta perfectamente a la l\u00ednea de recepci\u00f3n de&nbsp; cosecha.<\/p>\n\n\n\n<div style=\"height:60px\" aria-hidden=\"true\" class=\"wp-block-spacer\"><\/div>\n\n\n\n<div class=\"wp-block-columns is-layout-flex wp-container-core-columns-is-layout-9d6595d7 wp-block-columns-is-layout-flex\">\n<div class=\"wp-block-column is-layout-flow wp-block-column-is-layout-flow\">\n<h3 class=\"wp-block-heading\">Modelos :<\/h3>\n\n\n\n<h4 class=\"wp-block-heading\">TTB L\/600<\/h4>\n\n\n\n<h4 class=\"wp-block-heading\">TTB L\/800<\/h4>\n\n\n\n<p><\/p>\n<\/div>\n\n\n\n<div class=\"wp-block-column is-vertically-aligned-center is-layout-flow wp-block-column-is-layout-flow\">\n<div class=\"wp-block-cover is-light\"><img loading=\"lazy\" decoding=\"async\" width=\"650\" height=\"500\" class=\"wp-block-cover__image-background wp-image-3851\" alt=\"\" src=\"http:\/\/www.pmh-vinicole.fr\/wp-content\/uploads\/2025\/05\/table-tri-a-bande.png\" data-object-fit=\"cover\" srcset=\"https:\/\/www.pmh-vinicole.fr\/wp-content\/uploads\/2025\/05\/table-tri-a-bande.png 650w, https:\/\/www.pmh-vinicole.fr\/wp-content\/uploads\/2025\/05\/table-tri-a-bande-300x231.png 300w\" sizes=\"auto, (max-width: 650px) 100vw, 650px\" \/><span aria-hidden=\"true\" class=\"wp-block-cover__background has-background-dim-0 has-background-dim\"><\/span><div class=\"wp-block-cover__inner-container is-layout-flow wp-block-cover-is-layout-flow\">\n<p class=\"has-text-align-center has-large-font-size\"><\/p>\n<\/div><\/div>\n<\/div>\n<\/div>\n\n\n\n<div style=\"height:60px\" aria-hidden=\"true\" class=\"wp-block-spacer\"><\/div>\n\n\n\n<h2 class=\"wp-block-heading has-text-align-center\">PRINCIPALES PUNTOS FUERTES DE LA MESA DE SELECCI\u00d3N DE BANDA<\/h2>\n\n\n\n<p><\/p>\n","protected":false},"excerpt":{"rendered":"<p>LA MESA DE SELECCI\u00d3N DE BANDA PARA UNA SELECCI\u00d3N PRECISA&nbsp; Dise\u00f1ada para permitirle eliminar [&hellip;]<\/p>\n","protected":false},"author":2,"featured_media":5599,"parent":4623,"menu_order":25,"comment_status":"closed","ping_status":"closed","template":"page-produit.php","meta":{"_acf_changed":false,"footnotes":""},"class_list":["post-4691","page","type-page","status-publish","has-post-thumbnail","hentry"],"acf":[],"yoast_head":"<!-- This site is optimized with the Yoast SEO plugin v26.9 - https:\/\/yoast.com\/product\/yoast-seo-wordpress\/ -->\n<title>Mesa de selecci\u00f3n de banda - PMH Vinicole<\/title>\n<meta name=\"robots\" content=\"index, follow, max-snippet:-1, max-image-preview:large, max-video-preview:-1\" \/>\n<link rel=\"canonical\" href=\"https:\/\/www.pmh-vinicole.fr\/es\/nuestros-productos\/mesa-de-seleccion-de-banda\/\" \/>\n<meta property=\"og:locale\" content=\"es_ES\" \/>\n<meta property=\"og:type\" content=\"article\" \/>\n<meta property=\"og:title\" content=\"Mesa de selecci\u00f3n de banda - PMH Vinicole\" \/>\n<meta property=\"og:description\" content=\"LA MESA DE SELECCI\u00d3N DE BANDA PARA UNA SELECCI\u00d3N PRECISA&nbsp; Dise\u00f1ada para permitirle eliminar [&hellip;]\" \/>\n<meta property=\"og:url\" content=\"https:\/\/www.pmh-vinicole.fr\/es\/nuestros-productos\/mesa-de-seleccion-de-banda\/\" \/>\n<meta property=\"og:site_name\" content=\"PMH Vinicole\" \/>\n<meta property=\"article:publisher\" content=\"https:\/\/www.facebook.com\/PMH.Vinicole\" \/>\n<meta property=\"article:modified_time\" content=\"2025-08-11T05:40:57+00:00\" \/>\n<meta property=\"og:image\" content=\"http:\/\/www.pmh-vinicole.fr\/wp-content\/uploads\/2024\/07\/Table-tri-bande-TTB-3-800-22-e1754481561679.png\" \/>\n\t<meta property=\"og:image:width\" content=\"800\" \/>\n\t<meta property=\"og:image:height\" content=\"800\" \/>\n\t<meta property=\"og:image:type\" content=\"image\/png\" \/>\n<meta name=\"twitter:card\" content=\"summary_large_image\" \/>\n<meta name=\"twitter:label1\" content=\"Tiempo de lectura\" \/>\n\t<meta name=\"twitter:data1\" content=\"1 minuto\" \/>\n<script type=\"application\/ld+json\" class=\"yoast-schema-graph\">{\"@context\":\"https:\/\/schema.org\",\"@graph\":[{\"@type\":\"WebPage\",\"@id\":\"https:\/\/www.pmh-vinicole.fr\/es\/nuestros-productos\/mesa-de-seleccion-de-banda\/\",\"url\":\"https:\/\/www.pmh-vinicole.fr\/es\/nuestros-productos\/mesa-de-seleccion-de-banda\/\",\"name\":\"Mesa de selecci\u00f3n de banda - PMH Vinicole\",\"isPartOf\":{\"@id\":\"https:\/\/www.pmh-vinicole.fr\/#website\"},\"primaryImageOfPage\":{\"@id\":\"https:\/\/www.pmh-vinicole.fr\/es\/nuestros-productos\/mesa-de-seleccion-de-banda\/#primaryimage\"},\"image\":{\"@id\":\"https:\/\/www.pmh-vinicole.fr\/es\/nuestros-productos\/mesa-de-seleccion-de-banda\/#primaryimage\"},\"thumbnailUrl\":\"https:\/\/www.pmh-vinicole.fr\/wp-content\/uploads\/2024\/07\/Table-tri-bande-TTB-3-800-180.png\",\"datePublished\":\"2024-01-07T11:41:50+00:00\",\"dateModified\":\"2025-08-11T05:40:57+00:00\",\"breadcrumb\":{\"@id\":\"https:\/\/www.pmh-vinicole.fr\/es\/nuestros-productos\/mesa-de-seleccion-de-banda\/#breadcrumb\"},\"inLanguage\":\"es\",\"potentialAction\":[{\"@type\":\"ReadAction\",\"target\":[\"https:\/\/www.pmh-vinicole.fr\/es\/nuestros-productos\/mesa-de-seleccion-de-banda\/\"]}]},{\"@type\":\"ImageObject\",\"inLanguage\":\"es\",\"@id\":\"https:\/\/www.pmh-vinicole.fr\/es\/nuestros-productos\/mesa-de-seleccion-de-banda\/#primaryimage\",\"url\":\"https:\/\/www.pmh-vinicole.fr\/wp-content\/uploads\/2024\/07\/Table-tri-bande-TTB-3-800-180.png\",\"contentUrl\":\"https:\/\/www.pmh-vinicole.fr\/wp-content\/uploads\/2024\/07\/Table-tri-bande-TTB-3-800-180.png\",\"width\":800,\"height\":800,\"caption\":\"Table-tri-bande-TTB 3-800 180\"},{\"@type\":\"BreadcrumbList\",\"@id\":\"https:\/\/www.pmh-vinicole.fr\/es\/nuestros-productos\/mesa-de-seleccion-de-banda\/#breadcrumb\",\"itemListElement\":[{\"@type\":\"ListItem\",\"position\":1,\"name\":\"Accueil\",\"item\":\"https:\/\/www.pmh-vinicole.fr\/es\/\"},{\"@type\":\"ListItem\",\"position\":2,\"name\":\"Nuestros productos\",\"item\":\"https:\/\/www.pmh-vinicole.fr\/es\/nuestros-productos\/\"},{\"@type\":\"ListItem\",\"position\":3,\"name\":\"Mesa de selecci\u00f3n de banda\"}]},{\"@type\":\"WebSite\",\"@id\":\"https:\/\/www.pmh-vinicole.fr\/#website\",\"url\":\"https:\/\/www.pmh-vinicole.fr\/\",\"name\":\"PMH Vinicole\",\"description\":\"Concepteur &amp; fabricant de pompes \u0153nologiques et mat\u00e9riels vinicoles\",\"publisher\":{\"@id\":\"https:\/\/www.pmh-vinicole.fr\/#organization\"},\"potentialAction\":[{\"@type\":\"SearchAction\",\"target\":{\"@type\":\"EntryPoint\",\"urlTemplate\":\"https:\/\/www.pmh-vinicole.fr\/?s={search_term_string}\"},\"query-input\":{\"@type\":\"PropertyValueSpecification\",\"valueRequired\":true,\"valueName\":\"search_term_string\"}}],\"inLanguage\":\"es\"},{\"@type\":\"Organization\",\"@id\":\"https:\/\/www.pmh-vinicole.fr\/#organization\",\"name\":\"PMH Vinicole\",\"url\":\"https:\/\/www.pmh-vinicole.fr\/\",\"logo\":{\"@type\":\"ImageObject\",\"inLanguage\":\"es\",\"@id\":\"https:\/\/www.pmh-vinicole.fr\/#\/schema\/logo\/image\/\",\"url\":\"https:\/\/www.pmh-vinicole.fr\/wp-content\/uploads\/2026\/01\/Logo-PMH-vertical-2019-300-72dpi.jpg\",\"contentUrl\":\"https:\/\/www.pmh-vinicole.fr\/wp-content\/uploads\/2026\/01\/Logo-PMH-vertical-2019-300-72dpi.jpg\",\"width\":300,\"height\":285,\"caption\":\"PMH Vinicole\"},\"image\":{\"@id\":\"https:\/\/www.pmh-vinicole.fr\/#\/schema\/logo\/image\/\"},\"sameAs\":[\"https:\/\/www.facebook.com\/PMH.Vinicole\",\"https:\/\/www.instagram.com\/pmh_vinicole\/\"]}]}<\/script>\n<!-- \/ Yoast SEO plugin. -->","yoast_head_json":{"title":"Mesa de selecci\u00f3n de banda - PMH Vinicole","robots":{"index":"index","follow":"follow","max-snippet":"max-snippet:-1","max-image-preview":"max-image-preview:large","max-video-preview":"max-video-preview:-1"},"canonical":"https:\/\/www.pmh-vinicole.fr\/es\/nuestros-productos\/mesa-de-seleccion-de-banda\/","og_locale":"es_ES","og_type":"article","og_title":"Mesa de selecci\u00f3n de banda - PMH Vinicole","og_description":"LA MESA DE SELECCI\u00d3N DE BANDA PARA UNA SELECCI\u00d3N PRECISA&nbsp; Dise\u00f1ada para permitirle eliminar [&hellip;]","og_url":"https:\/\/www.pmh-vinicole.fr\/es\/nuestros-productos\/mesa-de-seleccion-de-banda\/","og_site_name":"PMH Vinicole","article_publisher":"https:\/\/www.facebook.com\/PMH.Vinicole","article_modified_time":"2025-08-11T05:40:57+00:00","og_image":[{"width":800,"height":800,"url":"http:\/\/www.pmh-vinicole.fr\/wp-content\/uploads\/2024\/07\/Table-tri-bande-TTB-3-800-22-e1754481561679.png","type":"image\/png"}],"twitter_card":"summary_large_image","twitter_misc":{"Tiempo de lectura":"1 minuto"},"schema":{"@context":"https:\/\/schema.org","@graph":[{"@type":"WebPage","@id":"https:\/\/www.pmh-vinicole.fr\/es\/nuestros-productos\/mesa-de-seleccion-de-banda\/","url":"https:\/\/www.pmh-vinicole.fr\/es\/nuestros-productos\/mesa-de-seleccion-de-banda\/","name":"Mesa de selecci\u00f3n de banda - PMH Vinicole","isPartOf":{"@id":"https:\/\/www.pmh-vinicole.fr\/#website"},"primaryImageOfPage":{"@id":"https:\/\/www.pmh-vinicole.fr\/es\/nuestros-productos\/mesa-de-seleccion-de-banda\/#primaryimage"},"image":{"@id":"https:\/\/www.pmh-vinicole.fr\/es\/nuestros-productos\/mesa-de-seleccion-de-banda\/#primaryimage"},"thumbnailUrl":"https:\/\/www.pmh-vinicole.fr\/wp-content\/uploads\/2024\/07\/Table-tri-bande-TTB-3-800-180.png","datePublished":"2024-01-07T11:41:50+00:00","dateModified":"2025-08-11T05:40:57+00:00","breadcrumb":{"@id":"https:\/\/www.pmh-vinicole.fr\/es\/nuestros-productos\/mesa-de-seleccion-de-banda\/#breadcrumb"},"inLanguage":"es","potentialAction":[{"@type":"ReadAction","target":["https:\/\/www.pmh-vinicole.fr\/es\/nuestros-productos\/mesa-de-seleccion-de-banda\/"]}]},{"@type":"ImageObject","inLanguage":"es","@id":"https:\/\/www.pmh-vinicole.fr\/es\/nuestros-productos\/mesa-de-seleccion-de-banda\/#primaryimage","url":"https:\/\/www.pmh-vinicole.fr\/wp-content\/uploads\/2024\/07\/Table-tri-bande-TTB-3-800-180.png","contentUrl":"https:\/\/www.pmh-vinicole.fr\/wp-content\/uploads\/2024\/07\/Table-tri-bande-TTB-3-800-180.png","width":800,"height":800,"caption":"Table-tri-bande-TTB 3-800 180"},{"@type":"BreadcrumbList","@id":"https:\/\/www.pmh-vinicole.fr\/es\/nuestros-productos\/mesa-de-seleccion-de-banda\/#breadcrumb","itemListElement":[{"@type":"ListItem","position":1,"name":"Accueil","item":"https:\/\/www.pmh-vinicole.fr\/es\/"},{"@type":"ListItem","position":2,"name":"Nuestros productos","item":"https:\/\/www.pmh-vinicole.fr\/es\/nuestros-productos\/"},{"@type":"ListItem","position":3,"name":"Mesa de selecci\u00f3n de banda"}]},{"@type":"WebSite","@id":"https:\/\/www.pmh-vinicole.fr\/#website","url":"https:\/\/www.pmh-vinicole.fr\/","name":"PMH Vinicole","description":"Concepteur &amp; fabricant de pompes \u0153nologiques et mat\u00e9riels vinicoles","publisher":{"@id":"https:\/\/www.pmh-vinicole.fr\/#organization"},"potentialAction":[{"@type":"SearchAction","target":{"@type":"EntryPoint","urlTemplate":"https:\/\/www.pmh-vinicole.fr\/?s={search_term_string}"},"query-input":{"@type":"PropertyValueSpecification","valueRequired":true,"valueName":"search_term_string"}}],"inLanguage":"es"},{"@type":"Organization","@id":"https:\/\/www.pmh-vinicole.fr\/#organization","name":"PMH Vinicole","url":"https:\/\/www.pmh-vinicole.fr\/","logo":{"@type":"ImageObject","inLanguage":"es","@id":"https:\/\/www.pmh-vinicole.fr\/#\/schema\/logo\/image\/","url":"https:\/\/www.pmh-vinicole.fr\/wp-content\/uploads\/2026\/01\/Logo-PMH-vertical-2019-300-72dpi.jpg","contentUrl":"https:\/\/www.pmh-vinicole.fr\/wp-content\/uploads\/2026\/01\/Logo-PMH-vertical-2019-300-72dpi.jpg","width":300,"height":285,"caption":"PMH Vinicole"},"image":{"@id":"https:\/\/www.pmh-vinicole.fr\/#\/schema\/logo\/image\/"},"sameAs":["https:\/\/www.facebook.com\/PMH.Vinicole","https:\/\/www.instagram.com\/pmh_vinicole\/"]}]}},"_links":{"self":[{"href":"https:\/\/www.pmh-vinicole.fr\/es\/wp-json\/wp\/v2\/pages\/4691","targetHints":{"allow":["GET"]}}],"collection":[{"href":"https:\/\/www.pmh-vinicole.fr\/es\/wp-json\/wp\/v2\/pages"}],"about":[{"href":"https:\/\/www.pmh-vinicole.fr\/es\/wp-json\/wp\/v2\/types\/page"}],"author":[{"embeddable":true,"href":"https:\/\/www.pmh-vinicole.fr\/es\/wp-json\/wp\/v2\/users\/2"}],"replies":[{"embeddable":true,"href":"https:\/\/www.pmh-vinicole.fr\/es\/wp-json\/wp\/v2\/comments?post=4691"}],"version-history":[{"count":6,"href":"https:\/\/www.pmh-vinicole.fr\/es\/wp-json\/wp\/v2\/pages\/4691\/revisions"}],"predecessor-version":[{"id":6242,"href":"https:\/\/www.pmh-vinicole.fr\/es\/wp-json\/wp\/v2\/pages\/4691\/revisions\/6242"}],"up":[{"embeddable":true,"href":"https:\/\/www.pmh-vinicole.fr\/es\/wp-json\/wp\/v2\/pages\/4623"}],"wp:featuredmedia":[{"embeddable":true,"href":"https:\/\/www.pmh-vinicole.fr\/es\/wp-json\/wp\/v2\/media\/5599"}],"wp:attachment":[{"href":"https:\/\/www.pmh-vinicole.fr\/es\/wp-json\/wp\/v2\/media?parent=4691"}],"curies":[{"name":"wp","href":"https:\/\/api.w.org\/{rel}","templated":true}]}}